{"id":66,"date":"2023-02-26T19:23:27","date_gmt":"2023-02-26T19:23:27","guid":{"rendered":"http:\/\/localhost\/afg\/?page_id=66"},"modified":"2024-10-10T12:36:24","modified_gmt":"2024-10-10T12:36:24","slug":"presentation-de-la-filiale","status":"publish","type":"page","link":"https:\/\/afgassurances.bj\/vie\/presentation-de-la-filiale\/","title":{"rendered":"Pr\u00e9sentation de la filiale"},"content":{"rendered":"<p>La filiale a \u00e9t\u00e9 agr\u00e9\u00e9e en 1994 en qualit\u00e9 de compagnie d\u2019assurance vie au B\u00e9nin.<\/p>\n<p>Voici la version mise \u00e0 jour :<\/p>\n<p>L\u2019ann\u00e9e 2015 fut marqu\u00e9e par l\u2019entr\u00e9e du Groupe Atlantique \u00e0 hauteur de 51% du capital social de la filiale, qui devient officiellement \u00ab Atlantique Assurances B\u00e9nin \u2013 Vie \u00bb (AAB-Vie). Le 17 octobre 2024, AAB-Vie a chang\u00e9 de nom pour devenir AFG Assurances B\u00e9nin Vie.<\/p>\n<h3>AFG Assurances B\u00e9nin Vie dispose d\u2019une gamme de produits orient\u00e9s:<\/h3>\n<ul>\n<li>\u00c9pargne Capitalisation<\/li>\n<li>Indemnit\u00e9s de Fin de Carri\u00e8re<\/li>\n<li>Pr\u00e9voyance D\u00e9c\u00e8s Emprunteur<\/li>\n<li>Pr\u00e9voyance Entreprises<\/li>\n<li>Pr\u00e9voyance \u00c9tudes<\/li>\n<li>Retraite compl\u00e9mentaire<\/li>\n<\/ul>\n<p><\/p>","protected":false},"excerpt":{"rendered":"<p>La filiale a \u00e9t\u00e9 agr\u00e9\u00e9e en 1994 en qualit\u00e9 de compagnie d\u2019assurance vie au B\u00e9nin. Voici la version mise \u00e0 jour : L\u2019ann\u00e9e 2015 fut marqu\u00e9e par l\u2019entr\u00e9e du Groupe Atlantique \u00e0 hauteur de 51% du capital social de la filiale, qui devient officiellement \u00ab Atlantique Assurances B\u00e9nin \u2013 Vie \u00bb (AAB-Vie). Le 17 octobre [&hellip;]<\/p>\n","protected":false},"author":2,"featured_media":31924,"parent":0,"menu_order":0,"comment_status":"closed","ping_status":"closed","template":"about.php","meta":{"_acf_changed":false,"footnotes":""},"class_list":["post-66","page","type-page","status-publish","has-post-thumbnail","hentry"],"acf":[],"_links":{"self":[{"href":"https:\/\/afgassurances.bj\/vie\/wp-json\/wp\/v2\/pages\/66","targetHints":{"allow":["GET"]}}],"collection":[{"href":"https:\/\/afgassurances.bj\/vie\/wp-json\/wp\/v2\/pages"}],"about":[{"href":"https:\/\/afgassurances.bj\/vie\/wp-json\/wp\/v2\/types\/page"}],"author":[{"embeddable":true,"href":"https:\/\/afgassurances.bj\/vie\/wp-json\/wp\/v2\/users\/2"}],"replies":[{"embeddable":true,"href":"https:\/\/afgassurances.bj\/vie\/wp-json\/wp\/v2\/comments?post=66"}],"version-history":[{"count":43,"href":"https:\/\/afgassurances.bj\/vie\/wp-json\/wp\/v2\/pages\/66\/revisions"}],"predecessor-version":[{"id":31919,"href":"https:\/\/afgassurances.bj\/vie\/wp-json\/wp\/v2\/pages\/66\/revisions\/31919"}],"wp:featuredmedia":[{"embeddable":true,"href":"https:\/\/afgassurances.bj\/vie\/wp-json\/wp\/v2\/media\/31924"}],"wp:attachment":[{"href":"https:\/\/afgassurances.bj\/vie\/wp-json\/wp\/v2\/media?parent=66"}],"curies":[{"name":"wp","href":"https:\/\/api.w.org\/{rel}","templated":true}]}}