{"id":181,"date":"2023-03-01T18:07:40","date_gmt":"2023-03-01T18:07:40","guid":{"rendered":"http:\/\/localhost\/afg\/?page_id=181"},"modified":"2024-10-10T11:00:40","modified_gmt":"2024-10-10T11:00:40","slug":"missions-et-valeurs","status":"publish","type":"page","link":"https:\/\/afgassurances.bj\/vie\/missions-et-valeurs\/","title":{"rendered":"Missions et valeurs"},"content":{"rendered":"<p><\/p>\n<h2>Notre Vision<\/h2>\n<p>AFG Assurances B\u00e9nin Vie ambitionne d\u2019\u00eatre l\u2019assureur vie pr\u00e9f\u00e9r\u00e9 des B\u00e9ninois<\/p>","protected":false},"excerpt":{"rendered":"<p>Notre Vision AFG Assurances B\u00e9nin Vie ambitionne d\u2019\u00eatre l\u2019assureur vie pr\u00e9f\u00e9r\u00e9 des B\u00e9ninois<\/p>\n","protected":false},"author":2,"featured_media":1690,"parent":0,"menu_order":0,"comment_status":"closed","ping_status":"closed","template":"engagement.php","meta":{"_acf_changed":false,"footnotes":""},"class_list":["post-181","page","type-page","status-publish","has-post-thumbnail","hentry"],"acf":[],"_links":{"self":[{"href":"https:\/\/afgassurances.bj\/vie\/wp-json\/wp\/v2\/pages\/181","targetHints":{"allow":["GET"]}}],"collection":[{"href":"https:\/\/afgassurances.bj\/vie\/wp-json\/wp\/v2\/pages"}],"about":[{"href":"https:\/\/afgassurances.bj\/vie\/wp-json\/wp\/v2\/types\/page"}],"author":[{"embeddable":true,"href":"https:\/\/afgassurances.bj\/vie\/wp-json\/wp\/v2\/users\/2"}],"replies":[{"embeddable":true,"href":"https:\/\/afgassurances.bj\/vie\/wp-json\/wp\/v2\/comments?post=181"}],"version-history":[{"count":29,"href":"https:\/\/afgassurances.bj\/vie\/wp-json\/wp\/v2\/pages\/181\/revisions"}],"predecessor-version":[{"id":31918,"href":"https:\/\/afgassurances.bj\/vie\/wp-json\/wp\/v2\/pages\/181\/revisions\/31918"}],"wp:featuredmedia":[{"embeddable":true,"href":"https:\/\/afgassurances.bj\/vie\/wp-json\/wp\/v2\/media\/1690"}],"wp:attachment":[{"href":"https:\/\/afgassurances.bj\/vie\/wp-json\/wp\/v2\/media?parent=181"}],"curies":[{"name":"wp","href":"https:\/\/api.w.org\/{rel}","templated":true}]}}