{"id":31304,"date":"2022-12-01T09:50:11","date_gmt":"2022-12-01T06:50:11","guid":{"rendered":"https:\/\/afgassurancesmadagascar.com\/?page_id=31304"},"modified":"2024-10-16T13:51:14","modified_gmt":"2024-10-16T13:51:14","slug":"home-2","status":"publish","type":"page","link":"https:\/\/afgassurances.bj\/vie\/en\/","title":{"rendered":"Home"},"content":{"rendered":"\t\t<div data-elementor-type=\"wp-page\" data-elementor-id=\"31304\" class=\"elementor elementor-31304\" data-elementor-post-type=\"page\">\n\t\t\t\t\t\t<section class=\"elementor-section elementor-top-section elementor-element elementor-element-6bf0806   elementor-section-boxed elementor-section-height-default elementor-section-height-default\" data-id=\"6bf0806\" data-element_type=\"section\" data-e-type=\"section\" data-settings=\"{&quot;background_background&quot;:&quot;slideshow&quot;,&quot;background_slideshow_slide_duration&quot;:3000,&quot;background_slideshow_gallery&quot;:[],&quot;background_slideshow_loop&quot;:&quot;yes&quot;,&quot;background_slideshow_slide_transition&quot;:&quot;fade&quot;,&quot;background_slideshow_transition_duration&quot;:500}\">\n\t\t\t\t\t\t<div class=\"elementor-container elementor-column-gap-no\">\n\t\t\t\t\t<div class=\"elementor-column elementor-col-100 elementor-top-column elementor-element elementor-element-58cd92d\" data-id=\"58cd92d\" data-element_type=\"column\" data-e-type=\"column\">\n\t\t\t<div class=\"elementor-widget-wrap elementor-element-populated\">\n\t\t\t\t\t\t<div class=\"elementor-element elementor-element-1506cdc elementor--h-position-left elementor--v-position-middle elementor-arrows-position-inside elementor-pagination-position-inside elementor-widget elementor-widget-slides\" data-id=\"1506cdc\" data-element_type=\"widget\" data-e-type=\"widget\" data-settings=\"{&quot;navigation&quot;:&quot;both&quot;,&quot;autoplay&quot;:&quot;yes&quot;,&quot;pause_on_hover&quot;:&quot;yes&quot;,&quot;pause_on_interaction&quot;:&quot;yes&quot;,&quot;autoplay_speed&quot;:5000,&quot;infinite&quot;:&quot;yes&quot;,&quot;transition&quot;:&quot;slide&quot;,&quot;transition_speed&quot;:500}\" data-widget_type=\"slides.default\">\n\t\t\t\t<div class=\"elementor-widget-container\">\n\t\t\t\t\t\t\t\t\t<div class=\"elementor-swiper\">\n\t\t\t\t\t<div class=\"elementor-slides-wrapper elementor-main-swiper swiper\" role=\"region\" aria-roledescription=\"carousel\" aria-label=\"Slides\" dir=\"ltr\" data-animation=\"fadeInUp\">\n\t\t\t\t<div class=\"swiper-wrapper elementor-slides\">\n\t\t\t\t\t\t\t\t\t\t<div class=\"elementor-repeater-item-d242a77 swiper-slide\" role=\"group\" aria-roledescription=\"slide\"><div class=\"swiper-slide-bg\" role=\"img\" aria-label=\"Slide (1)\"><\/div><a class=\"swiper-slide-inner\" href=\"https:\/\/\/afgassurances.bj\/vie\/presentation-de-la-filiale\/\"><div class=\"swiper-slide-contents\"><div class=\"elementor-slide-heading\">Bienvenue chez <br> AFG Assurances B\u00e9nin Vie<\/div><div  class=\"elementor-button elementor-slide-button elementor-size-xs\">Voir plus<\/div><\/div><\/a><\/div>\t\t\t\t<\/div>\n\t\t\t\t\t\t\t<\/div>\n\t\t\t\t<\/div>\n\t\t\t\t\t\t\t\t<\/div>\n\t\t\t\t<\/div>\n\t\t\t\t\t<\/div>\n\t\t<\/div>\n\t\t\t\t\t<\/div>\n\t\t<\/section>\n\t\t\t\t<section class=\"elementor-section elementor-top-section elementor-element elementor-element-65b0646 elementor-section-boxed elementor-section-height-default elementor-section-height-default\" data-id=\"65b0646\" data-element_type=\"section\" data-e-type=\"section\" data-settings=\"{&quot;background_background&quot;:&quot;classic&quot;}\">\n\t\t\t\t\t\t<div class=\"elementor-container elementor-column-gap-no\">\n\t\t\t\t\t<div class=\"elementor-column elementor-col-50 elementor-top-column elementor-element elementor-element-77fb456\" data-id=\"77fb456\" data-element_type=\"column\" data-e-type=\"column\">\n\t\t\t<div class=\"elementor-widget-wrap elementor-element-populated\">\n\t\t\t\t\t\t<div class=\"elementor-element elementor-element-13a3f60 elementor-widget elementor-widget-image\" data-id=\"13a3f60\" data-element_type=\"widget\" data-e-type=\"widget\" data-widget_type=\"image.default\">\n\t\t\t\t<div class=\"elementor-widget-container\">\n\t\t\t\t\t\t\t\t\t\t\t\t\t\t\t\t<a href=\"https:\/\/afgassurancesmadagascar.com\/particuliers\/\">\n\t\t\t\t\t\t\t<img fetchpriority=\"high\" decoding=\"async\" width=\"1000\" height=\"667\" src=\"https:\/\/afgassurances.bj\/vie\/wp-content\/uploads\/2024\/10\/Presentation-1-1000x667.jpg\" class=\"attachment-large size-large wp-image-31906\" alt=\"\" srcset=\"https:\/\/afgassurances.bj\/vie\/wp-content\/uploads\/2024\/10\/Presentation-1-1000x667.jpg 1000w, https:\/\/afgassurances.bj\/vie\/wp-content\/uploads\/2024\/10\/Presentation-1-700x467.jpg 700w, https:\/\/afgassurances.bj\/vie\/wp-content\/uploads\/2024\/10\/Presentation-1-232x155.jpg 232w, https:\/\/afgassurances.bj\/vie\/wp-content\/uploads\/2024\/10\/Presentation-1-768x512.jpg 768w, https:\/\/afgassurances.bj\/vie\/wp-content\/uploads\/2024\/10\/Presentation-1-1536x1024.jpg 1536w, https:\/\/afgassurances.bj\/vie\/wp-content\/uploads\/2024\/10\/Presentation-1-2048x1366.jpg 2048w\" sizes=\"(max-width: 1000px) 100vw, 1000px\" \/>\t\t\t\t\t\t\t\t<\/a>\n\t\t\t\t\t\t\t\t\t\t\t\t\t\t\t<\/div>\n\t\t\t\t<\/div>\n\t\t\t\t\t<\/div>\n\t\t<\/div>\n\t\t\t\t<div class=\"elementor-column elementor-col-50 elementor-top-column elementor-element elementor-element-9a4ace2\" data-id=\"9a4ace2\" data-element_type=\"column\" data-e-type=\"column\">\n\t\t\t<div class=\"elementor-widget-wrap elementor-element-populated\">\n\t\t\t\t\t\t<div class=\"elementor-element elementor-element-492c369 elementor-widget elementor-widget-heading\" data-id=\"492c369\" data-element_type=\"widget\" data-e-type=\"widget\" data-widget_type=\"heading.default\">\n\t\t\t\t<div class=\"elementor-widget-container\">\n\t\t\t\t\t<h2 class=\"elementor-heading-title elementor-size-default\">Qui sommes nous ?<\/h2>\t\t\t\t<\/div>\n\t\t\t\t<\/div>\n\t\t\t\t<div class=\"elementor-element elementor-element-83f456a elementor-widget__width-initial elementor-widget elementor-widget-text-editor\" data-id=\"83f456a\" data-element_type=\"widget\" data-e-type=\"widget\" data-widget_type=\"text-editor.default\">\n\t\t\t\t<div class=\"elementor-widget-container\">\n\t\t\t\t\t\t\t\t\t<p>La filiale a \u00e9t\u00e9 agr\u00e9\u00e9e en 1994 en qualit\u00e9 de compagnie d\u2019assurance vie au B\u00e9nin.<\/p><p>L\u2019ann\u00e9e 2015 fut marqu\u00e9e par l\u2019entr\u00e9e du Groupe Atlantique \u00e0 hauteur de 51% du capital social de la filiale qui devient officiellement AFG Assurances B\u00e9nin \u2013 Vie.<\/p>\t\t\t\t\t\t\t\t<\/div>\n\t\t\t\t<\/div>\n\t\t\t\t<div class=\"elementor-element elementor-element-85768a8 elementor-mobile-align-center elementor-widget elementor-widget-button\" data-id=\"85768a8\" data-element_type=\"widget\" data-e-type=\"widget\" data-widget_type=\"button.default\">\n\t\t\t\t<div class=\"elementor-widget-container\">\n\t\t\t\t\t\t\t\t\t<div class=\"elementor-button-wrapper\">\n\t\t\t\t\t<a class=\"elementor-button elementor-button-link elementor-size-xs\" href=\"https:\/\/afgassurances.bj\/vie\/presentation-de-la-filiale\/\">\n\t\t\t\t\t\t<span class=\"elementor-button-content-wrapper\">\n\t\t\t\t\t\t\t\t\t<span class=\"elementor-button-text\">EN SAVOIR PLUS<\/span>\n\t\t\t\t\t<\/span>\n\t\t\t\t\t<\/a>\n\t\t\t\t<\/div>\n\t\t\t\t\t\t\t\t<\/div>\n\t\t\t\t<\/div>\n\t\t\t\t\t<\/div>\n\t\t<\/div>\n\t\t\t\t\t<\/div>\n\t\t<\/section>\n\t\t\t\t<section class=\"elementor-section elementor-top-section elementor-element elementor-element-6fafe98 elementor-section-full_width elementor-section-stretched elementor-section-height-default elementor-section-height-default\" data-id=\"6fafe98\" data-element_type=\"section\" data-e-type=\"section\" data-settings=\"{&quot;stretch_section&quot;:&quot;section-stretched&quot;}\">\n\t\t\t\t\t\t<div class=\"elementor-container elementor-column-gap-no\">\n\t\t\t\t\t<div class=\"elementor-column elementor-col-50 elementor-top-column elementor-element elementor-element-d7c5b7c\" data-id=\"d7c5b7c\" data-element_type=\"column\" data-e-type=\"column\">\n\t\t\t<div class=\"elementor-widget-wrap elementor-element-populated\">\n\t\t\t\t\t\t<div class=\"elementor-element elementor-element-1532d7d elementor-widget elementor-widget-heading\" data-id=\"1532d7d\" data-element_type=\"widget\" data-e-type=\"widget\" data-widget_type=\"heading.default\">\n\t\t\t\t<div class=\"elementor-widget-container\">\n\t\t\t\t\t<h2 class=\"elementor-heading-title elementor-size-default\">Particuliers<\/h2>\t\t\t\t<\/div>\n\t\t\t\t<\/div>\n\t\t\t\t<div class=\"elementor-element elementor-element-d435b01 elementor-widget elementor-widget-text-editor\" data-id=\"d435b01\" data-element_type=\"widget\" data-e-type=\"widget\" data-widget_type=\"text-editor.default\">\n\t\t\t\t<div class=\"elementor-widget-container\">\n\t\t\t\t\t\t\t\t\t<p>\u00c0 AFG Assurances B\u00e9nin Vie, nous avons pens\u00e9 \u00e0 vous ! Nous mettons \u00e0 votre disposition une large gamme de produits et services financiers sp\u00e9cialement con\u00e7us pour r\u00e9pondre \u00e0 vos besoins.<\/p><p>Notre \u00e9quipe d\u00e9vou\u00e9e est pr\u00eate \u00e0 vous offrir un service personnalis\u00e9 et des conseils avis\u00e9s.\u00a0\u00a0<\/p>\t\t\t\t\t\t\t\t<\/div>\n\t\t\t\t<\/div>\n\t\t\t\t<div class=\"elementor-element elementor-element-25e6d0b elementor-mobile-align-center elementor-widget elementor-widget-button\" data-id=\"25e6d0b\" data-element_type=\"widget\" data-e-type=\"widget\" data-widget_type=\"button.default\">\n\t\t\t\t<div class=\"elementor-widget-container\">\n\t\t\t\t\t\t\t\t\t<div class=\"elementor-button-wrapper\">\n\t\t\t\t\t<a class=\"elementor-button elementor-button-link elementor-size-xs\" href=\"https:\/\/\/afgassurances.bj\/vie\/particuliers\/\">\n\t\t\t\t\t\t<span class=\"elementor-button-content-wrapper\">\n\t\t\t\t\t\t\t\t\t<span class=\"elementor-button-text\">EN SAVOIR PLUS<\/span>\n\t\t\t\t\t<\/span>\n\t\t\t\t\t<\/a>\n\t\t\t\t<\/div>\n\t\t\t\t\t\t\t\t<\/div>\n\t\t\t\t<\/div>\n\t\t\t\t\t<\/div>\n\t\t<\/div>\n\t\t\t\t<div class=\"elementor-column elementor-col-50 elementor-top-column elementor-element elementor-element-c9bae04\" data-id=\"c9bae04\" data-element_type=\"column\" data-e-type=\"column\">\n\t\t\t<div class=\"elementor-widget-wrap elementor-element-populated\">\n\t\t\t\t\t\t<div class=\"elementor-element elementor-element-dc97dac elementor-widget elementor-widget-image\" data-id=\"dc97dac\" data-element_type=\"widget\" data-e-type=\"widget\" data-widget_type=\"image.default\">\n\t\t\t\t<div class=\"elementor-widget-container\">\n\t\t\t\t\t\t\t\t\t\t\t\t\t\t\t\t<a href=\"https:\/\/afgassurancesmadagascar.com\/particuliers\/\">\n\t\t\t\t\t\t\t<img decoding=\"async\" width=\"1000\" height=\"667\" src=\"https:\/\/afgassurances.bj\/vie\/wp-content\/uploads\/2024\/10\/Produits-1-1000x667.jpg\" class=\"attachment-large size-large wp-image-31897\" alt=\"\" srcset=\"https:\/\/afgassurances.bj\/vie\/wp-content\/uploads\/2024\/10\/Produits-1-1000x667.jpg 1000w, https:\/\/afgassurances.bj\/vie\/wp-content\/uploads\/2024\/10\/Produits-1-700x467.jpg 700w, https:\/\/afgassurances.bj\/vie\/wp-content\/uploads\/2024\/10\/Produits-1-232x155.jpg 232w, https:\/\/afgassurances.bj\/vie\/wp-content\/uploads\/2024\/10\/Produits-1-768x512.jpg 768w, https:\/\/afgassurances.bj\/vie\/wp-content\/uploads\/2024\/10\/Produits-1-1536x1024.jpg 1536w, https:\/\/afgassurances.bj\/vie\/wp-content\/uploads\/2024\/10\/Produits-1-2048x1366.jpg 2048w\" sizes=\"(max-width: 1000px) 100vw, 1000px\" \/>\t\t\t\t\t\t\t\t<\/a>\n\t\t\t\t\t\t\t\t\t\t\t\t\t\t\t<\/div>\n\t\t\t\t<\/div>\n\t\t\t\t\t<\/div>\n\t\t<\/div>\n\t\t\t\t\t<\/div>\n\t\t<\/section>\n\t\t\t\t<section class=\"elementor-section elementor-top-section elementor-element elementor-element-495a805 elementor-section-full_width elementor-section-height-default elementor-section-height-default\" data-id=\"495a805\" data-element_type=\"section\" data-e-type=\"section\" data-settings=\"{&quot;background_background&quot;:&quot;classic&quot;}\">\n\t\t\t\t\t\t<div class=\"elementor-container elementor-column-gap-no\">\n\t\t\t\t\t<div class=\"elementor-column elementor-col-50 elementor-top-column elementor-element elementor-element-d30a3fd\" data-id=\"d30a3fd\" data-element_type=\"column\" data-e-type=\"column\">\n\t\t\t<div class=\"elementor-widget-wrap elementor-element-populated\">\n\t\t\t\t\t\t<div class=\"elementor-element elementor-element-2c570e4 elementor-widget elementor-widget-image\" data-id=\"2c570e4\" data-element_type=\"widget\" data-e-type=\"widget\" data-widget_type=\"image.default\">\n\t\t\t\t<div class=\"elementor-widget-container\">\n\t\t\t\t\t\t\t\t\t\t\t\t\t\t\t\t<a href=\"https:\/\/afgassurancesmadagascar.com\/professionnels-enterprises\/\">\n\t\t\t\t\t\t\t<img decoding=\"async\" width=\"1000\" height=\"667\" src=\"https:\/\/afgassurances.bj\/vie\/wp-content\/uploads\/2024\/10\/Produits-2-1000x667.jpg\" class=\"attachment-large size-large wp-image-31898\" alt=\"\" srcset=\"https:\/\/afgassurances.bj\/vie\/wp-content\/uploads\/2024\/10\/Produits-2-1000x667.jpg 1000w, https:\/\/afgassurances.bj\/vie\/wp-content\/uploads\/2024\/10\/Produits-2-700x467.jpg 700w, https:\/\/afgassurances.bj\/vie\/wp-content\/uploads\/2024\/10\/Produits-2-232x155.jpg 232w, https:\/\/afgassurances.bj\/vie\/wp-content\/uploads\/2024\/10\/Produits-2-768x512.jpg 768w, https:\/\/afgassurances.bj\/vie\/wp-content\/uploads\/2024\/10\/Produits-2-1536x1024.jpg 1536w, https:\/\/afgassurances.bj\/vie\/wp-content\/uploads\/2024\/10\/Produits-2-2048x1366.jpg 2048w\" sizes=\"(max-width: 1000px) 100vw, 1000px\" \/>\t\t\t\t\t\t\t\t<\/a>\n\t\t\t\t\t\t\t\t\t\t\t\t\t\t\t<\/div>\n\t\t\t\t<\/div>\n\t\t\t\t\t<\/div>\n\t\t<\/div>\n\t\t\t\t<div class=\"elementor-column elementor-col-50 elementor-top-column elementor-element elementor-element-1f622d2\" data-id=\"1f622d2\" data-element_type=\"column\" data-e-type=\"column\">\n\t\t\t<div class=\"elementor-widget-wrap elementor-element-populated\">\n\t\t\t\t\t\t<div class=\"elementor-element elementor-element-d0e5ec9 elementor-widget elementor-widget-heading\" data-id=\"d0e5ec9\" data-element_type=\"widget\" data-e-type=\"widget\" data-widget_type=\"heading.default\">\n\t\t\t\t<div class=\"elementor-widget-container\">\n\t\t\t\t\t<h2 class=\"elementor-heading-title elementor-size-default\">Professionnels &amp; Entreprises<\/h2>\t\t\t\t<\/div>\n\t\t\t\t<\/div>\n\t\t\t\t<div class=\"elementor-element elementor-element-b550876 elementor-widget elementor-widget-text-editor\" data-id=\"b550876\" data-element_type=\"widget\" data-e-type=\"widget\" data-widget_type=\"text-editor.default\">\n\t\t\t\t<div class=\"elementor-widget-container\">\n\t\t\t\t\t\t\t\t\t<p>Que vous soyez une entreprise individuelle, une PME ou une PMI, nous mettons \u00e0 votre disposition une large gamme de produits et services financiers adapt\u00e9s \u00e0 vos besoins. Faites confiance \u00e0 AFG Assurances B\u00e9nin Vie pour vous accompagner dans la gestion de vos couverture d\u2019assurance. Profitez de solutions personnalis\u00e9es et de conseils d\u2019experts pour soutenir la croissance de votre entreprise.<\/p>\t\t\t\t\t\t\t\t<\/div>\n\t\t\t\t<\/div>\n\t\t\t\t<div class=\"elementor-element elementor-element-53a2e80 elementor-mobile-align-center elementor-widget elementor-widget-button\" data-id=\"53a2e80\" data-element_type=\"widget\" data-e-type=\"widget\" data-widget_type=\"button.default\">\n\t\t\t\t<div class=\"elementor-widget-container\">\n\t\t\t\t\t\t\t\t\t<div class=\"elementor-button-wrapper\">\n\t\t\t\t\t<a class=\"elementor-button elementor-button-link elementor-size-xs\" href=\"https:\/\/\/afgassurances.bj\/vie\/professionnels-corporate-institutionnels\/\">\n\t\t\t\t\t\t<span class=\"elementor-button-content-wrapper\">\n\t\t\t\t\t\t\t\t\t<span class=\"elementor-button-text\">EN SAVOIR PLUS<\/span>\n\t\t\t\t\t<\/span>\n\t\t\t\t\t<\/a>\n\t\t\t\t<\/div>\n\t\t\t\t\t\t\t\t<\/div>\n\t\t\t\t<\/div>\n\t\t\t\t\t<\/div>\n\t\t<\/div>\n\t\t\t\t\t<\/div>\n\t\t<\/section>\n\t\t\t\t<section class=\"elementor-section elementor-top-section elementor-element elementor-element-9f8d254 elementor-section-boxed elementor-section-height-default elementor-section-height-default\" data-id=\"9f8d254\" data-element_type=\"section\" data-e-type=\"section\">\n\t\t\t\t\t\t<div class=\"elementor-container elementor-column-gap-default\">\n\t\t\t\t\t<div class=\"elementor-column elementor-col-100 elementor-top-column elementor-element elementor-element-fd00514\" data-id=\"fd00514\" data-element_type=\"column\" data-e-type=\"column\">\n\t\t\t<div class=\"elementor-widget-wrap\">\n\t\t\t\t\t\t\t<\/div>\n\t\t<\/div>\n\t\t\t\t\t<\/div>\n\t\t<\/section>\n\t\t\t\t<\/div>\n\t\t","protected":false},"excerpt":{"rendered":"<p>Bienvenue chez AFG Assurances B\u00e9nin VieVoir plus Qui sommes nous ? La filiale a \u00e9t\u00e9 agr\u00e9\u00e9e en 1994 en qualit\u00e9 de compagnie d\u2019assurance vie au B\u00e9nin. L\u2019ann\u00e9e 2015 fut marqu\u00e9e par l\u2019entr\u00e9e du Groupe Atlantique \u00e0 hauteur de 51% du capital social de la filiale qui devient officiellement AFG Assurances B\u00e9nin \u2013 Vie. EN SAVOIR [&hellip;]<\/p>\n","protected":false},"author":2,"featured_media":0,"parent":0,"menu_order":0,"comment_status":"closed","ping_status":"closed","template":"elementor_header_footer","meta":{"_acf_changed":false,"footnotes":""},"class_list":["post-31304","page","type-page","status-publish","hentry"],"acf":[],"_links":{"self":[{"href":"https:\/\/afgassurances.bj\/vie\/en\/wp-json\/wp\/v2\/pages\/31304","targetHints":{"allow":["GET"]}}],"collection":[{"href":"https:\/\/afgassurances.bj\/vie\/en\/wp-json\/wp\/v2\/pages"}],"about":[{"href":"https:\/\/afgassurances.bj\/vie\/en\/wp-json\/wp\/v2\/types\/page"}],"author":[{"embeddable":true,"href":"https:\/\/afgassurances.bj\/vie\/en\/wp-json\/wp\/v2\/users\/2"}],"replies":[{"embeddable":true,"href":"https:\/\/afgassurances.bj\/vie\/en\/wp-json\/wp\/v2\/comments?post=31304"}],"version-history":[{"count":51,"href":"https:\/\/afgassurances.bj\/vie\/en\/wp-json\/wp\/v2\/pages\/31304\/revisions"}],"predecessor-version":[{"id":31962,"href":"https:\/\/afgassurances.bj\/vie\/en\/wp-json\/wp\/v2\/pages\/31304\/revisions\/31962"}],"wp:attachment":[{"href":"https:\/\/afgassurances.bj\/vie\/en\/wp-json\/wp\/v2\/media?parent=31304"}],"curies":[{"name":"wp","href":"https:\/\/api.w.org\/{rel}","templated":true}]}}