{"id":66,"date":"2023-02-26T19:23:27","date_gmt":"2023-02-26T19:23:27","guid":{"rendered":"http:\/\/localhost\/afg\/?page_id=66"},"modified":"2024-10-10T14:07:58","modified_gmt":"2024-10-10T13:07:58","slug":"presentation-compagnie","status":"publish","type":"page","link":"https:\/\/afgassurances.bj\/iardt\/presentation-compagnie\/","title":{"rendered":"Pr\u00e9sentation de la compagnie"},"content":{"rendered":"<p><\/p>\n<p style=\"text-align: justify;\">Agr\u00e9\u00e9e depuis le 23 mars 2017 par le Minist\u00e8re des Finances et de l\u2019Economie, AFG Assurances B\u00e9nin IARDT\u00a0a d\u00e9marr\u00e9 officiellement ses activit\u00e9s le 8 septembre 2017 sur un march\u00e9 b\u00e9ninois des compagnies IARD fortement concurrentiel. Gr\u00e2ce \u00e0 l\u2019exp\u00e9rience et la d\u00e9termination de nos \u00e9quipes, AFG ASSURANCES BENIN IARDT est aujourd\u2019hui dans le top 3 des compagnies d\u2019assurances IARD du march\u00e9 b\u00e9ninois.<\/p>\n<p style=\"text-align: justify;\">Notre but est d\u2019impulser une nouvelle vision de l\u2019assurance \u00e0 travers des produits innovants adapt\u00e9s aux besoins \u00e9volutifs de nos clients, des canaux de distribution qui nous rapprochent de nos assur\u00e9s, des proc\u00e9dures de r\u00e8glement des sinistres ax\u00e9es sur la c\u00e9l\u00e9rit\u00e9 et la prise en compte des pr\u00e9judices r\u00e9els subis par nos assur\u00e9s ou par des tiers.<\/p>\n<p style=\"text-align: justify;\">Plus que de simples clients, chez AFG Assurances B\u00e9nin IARDT, nous souhaitons faire de nos assur\u00e9s de v\u00e9ritables partenaires. Nous voulons comprendre vos besoins pour vous proposer des solutions assurantielles adapt\u00e9es.<\/p>\n<p><\/p>","protected":false},"excerpt":{"rendered":"<p>Agr\u00e9\u00e9e depuis le 23 mars 2017 par le Minist\u00e8re des Finances et de l\u2019Economie, AFG Assurances B\u00e9nin IARDT\u00a0a d\u00e9marr\u00e9 officiellement ses activit\u00e9s le 8 septembre 2017 sur un march\u00e9 b\u00e9ninois des compagnies IARD fortement concurrentiel. Gr\u00e2ce \u00e0 l\u2019exp\u00e9rience et la d\u00e9termination de nos \u00e9quipes, AFG ASSURANCES BENIN IARDT est aujourd\u2019hui dans le top 3 des [&hellip;]<\/p>\n","protected":false},"author":2,"featured_media":31946,"parent":0,"menu_order":0,"comment_status":"closed","ping_status":"closed","template":"about.php","meta":{"_acf_changed":false,"footnotes":""},"class_list":["post-66","page","type-page","status-publish","has-post-thumbnail","hentry"],"acf":[],"_links":{"self":[{"href":"https:\/\/afgassurances.bj\/iardt\/wp-json\/wp\/v2\/pages\/66","targetHints":{"allow":["GET"]}}],"collection":[{"href":"https:\/\/afgassurances.bj\/iardt\/wp-json\/wp\/v2\/pages"}],"about":[{"href":"https:\/\/afgassurances.bj\/iardt\/wp-json\/wp\/v2\/types\/page"}],"author":[{"embeddable":true,"href":"https:\/\/afgassurances.bj\/iardt\/wp-json\/wp\/v2\/users\/2"}],"replies":[{"embeddable":true,"href":"https:\/\/afgassurances.bj\/iardt\/wp-json\/wp\/v2\/comments?post=66"}],"version-history":[{"count":35,"href":"https:\/\/afgassurances.bj\/iardt\/wp-json\/wp\/v2\/pages\/66\/revisions"}],"predecessor-version":[{"id":31933,"href":"https:\/\/afgassurances.bj\/iardt\/wp-json\/wp\/v2\/pages\/66\/revisions\/31933"}],"wp:featuredmedia":[{"embeddable":true,"href":"https:\/\/afgassurances.bj\/iardt\/wp-json\/wp\/v2\/media\/31946"}],"wp:attachment":[{"href":"https:\/\/afgassurances.bj\/iardt\/wp-json\/wp\/v2\/media?parent=66"}],"curies":[{"name":"wp","href":"https:\/\/api.w.org\/{rel}","templated":true}]}}