{"id":181,"date":"2023-03-01T18:07:40","date_gmt":"2023-03-01T18:07:40","guid":{"rendered":"http:\/\/localhost\/afg\/?page_id=181"},"modified":"2024-10-18T09:13:23","modified_gmt":"2024-10-18T08:13:23","slug":"missions-et-valeurs","status":"publish","type":"page","link":"https:\/\/afgassurances.bj\/iardt\/missions-et-valeurs\/","title":{"rendered":"Missions et valeurs"},"content":{"rendered":"<p><\/p>\n<p style=\"text-align: justify;\">Impulser une nouvelle vision de l\u2019assurance \u00e0 travers des produits innovants, des canaux de distribution qui nous rapprochent le plus possible de nos assur\u00e9s,\u00a0des proc\u00e9dures de r\u00e8glement des sinistres ax\u00e9es sur la c\u00e9l\u00e9rit\u00e9 et la prise en compte des pr\u00e9judices r\u00e9els subis par nos assur\u00e9s ou par des tiers.<\/p>\n<p style=\"text-align: justify;\">Plus que de simples clients, AFG Assurances B\u00e9nin IARDT\u00a0 veut faire de vous ses partenaires. Nous voulons comprendre vos besoins pour vous proposer des solutions assurances adapt\u00e9es.<\/p>\n<p style=\"text-align: justify;\">Nous croyons en certaines valeurs que nous nous effor\u00e7ons de respecter et de mettre en avant jour apr\u00e8s jour, par nos actes, nos conduites.<\/p>\n<p><\/p>","protected":false},"excerpt":{"rendered":"<p>Impulser une nouvelle vision de l\u2019assurance \u00e0 travers des produits innovants, des canaux de distribution qui nous rapprochent le plus possible de nos assur\u00e9s,\u00a0des proc\u00e9dures de r\u00e8glement des sinistres ax\u00e9es sur la c\u00e9l\u00e9rit\u00e9 et la prise en compte des pr\u00e9judices r\u00e9els subis par nos assur\u00e9s ou par des tiers. Plus que de simples clients, AFG [&hellip;]<\/p>\n","protected":false},"author":2,"featured_media":1426,"parent":0,"menu_order":0,"comment_status":"closed","ping_status":"closed","template":"engagement.php","meta":{"_acf_changed":false,"footnotes":""},"class_list":["post-181","page","type-page","status-publish","has-post-thumbnail","hentry"],"acf":[],"_links":{"self":[{"href":"https:\/\/afgassurances.bj\/iardt\/wp-json\/wp\/v2\/pages\/181","targetHints":{"allow":["GET"]}}],"collection":[{"href":"https:\/\/afgassurances.bj\/iardt\/wp-json\/wp\/v2\/pages"}],"about":[{"href":"https:\/\/afgassurances.bj\/iardt\/wp-json\/wp\/v2\/types\/page"}],"author":[{"embeddable":true,"href":"https:\/\/afgassurances.bj\/iardt\/wp-json\/wp\/v2\/users\/2"}],"replies":[{"embeddable":true,"href":"https:\/\/afgassurances.bj\/iardt\/wp-json\/wp\/v2\/comments?post=181"}],"version-history":[{"count":32,"href":"https:\/\/afgassurances.bj\/iardt\/wp-json\/wp\/v2\/pages\/181\/revisions"}],"predecessor-version":[{"id":31968,"href":"https:\/\/afgassurances.bj\/iardt\/wp-json\/wp\/v2\/pages\/181\/revisions\/31968"}],"wp:featuredmedia":[{"embeddable":true,"href":"https:\/\/afgassurances.bj\/iardt\/wp-json\/wp\/v2\/media\/1426"}],"wp:attachment":[{"href":"https:\/\/afgassurances.bj\/iardt\/wp-json\/wp\/v2\/media?parent=181"}],"curies":[{"name":"wp","href":"https:\/\/api.w.org\/{rel}","templated":true}]}}