{"id":31304,"date":"2022-12-01T09:50:11","date_gmt":"2022-12-01T06:50:11","guid":{"rendered":"https:\/\/afgassurancesmadagascar.com\/?page_id=31304"},"modified":"2026-01-30T23:53:15","modified_gmt":"2026-01-30T22:53:15","slug":"home-2","status":"publish","type":"page","link":"https:\/\/afgassurances.bj\/iardt\/en\/","title":{"rendered":"Home"},"content":{"rendered":"\t\t<div data-elementor-type=\"wp-page\" data-elementor-id=\"31304\" class=\"elementor elementor-31304\" data-elementor-post-type=\"page\">\n\t\t\t\t\t\t<section class=\"elementor-section elementor-top-section elementor-element elementor-element-6bf0806   elementor-section-boxed elementor-section-height-default elementor-section-height-default\" data-id=\"6bf0806\" data-element_type=\"section\" data-e-type=\"section\" data-settings=\"{&quot;background_background&quot;:&quot;slideshow&quot;,&quot;background_slideshow_slide_duration&quot;:3000,&quot;background_slideshow_gallery&quot;:[],&quot;background_slideshow_loop&quot;:&quot;yes&quot;,&quot;background_slideshow_slide_transition&quot;:&quot;fade&quot;,&quot;background_slideshow_transition_duration&quot;:500}\">\n\t\t\t\t\t\t<div class=\"elementor-container elementor-column-gap-no\">\n\t\t\t\t\t<div class=\"elementor-column elementor-col-100 elementor-top-column elementor-element elementor-element-58cd92d\" data-id=\"58cd92d\" data-element_type=\"column\" data-e-type=\"column\">\n\t\t\t<div class=\"elementor-widget-wrap elementor-element-populated\">\n\t\t\t\t\t\t<div class=\"elementor-element elementor-element-1506cdc elementor--h-position-left elementor--v-position-middle elementor-arrows-position-inside elementor-pagination-position-inside elementor-widget elementor-widget-slides\" data-id=\"1506cdc\" data-element_type=\"widget\" data-e-type=\"widget\" data-settings=\"{&quot;navigation&quot;:&quot;both&quot;,&quot;autoplay&quot;:&quot;yes&quot;,&quot;pause_on_hover&quot;:&quot;yes&quot;,&quot;pause_on_interaction&quot;:&quot;yes&quot;,&quot;autoplay_speed&quot;:5000,&quot;infinite&quot;:&quot;yes&quot;,&quot;transition&quot;:&quot;slide&quot;,&quot;transition_speed&quot;:500}\" data-widget_type=\"slides.default\">\n\t\t\t\t<div class=\"elementor-widget-container\">\n\t\t\t\t\t\t\t\t\t<div class=\"elementor-swiper\">\n\t\t\t\t\t<div class=\"elementor-slides-wrapper elementor-main-swiper swiper\" role=\"region\" aria-roledescription=\"carousel\" aria-label=\"Slides\" dir=\"ltr\" data-animation=\"fadeInUp\">\n\t\t\t\t<div class=\"swiper-wrapper elementor-slides\">\n\t\t\t\t\t\t\t\t\t\t<div class=\"elementor-repeater-item-d242a77 swiper-slide\" role=\"group\" aria-roledescription=\"slide\"><div class=\"swiper-slide-bg\" role=\"img\" aria-label=\"Slide (1)\"><\/div><a class=\"swiper-slide-inner\" href=\"https:\/\/afgassurances.bj\/iardt\/presentation-compagnie\/\"><div class=\"swiper-slide-contents\"><div class=\"elementor-slide-heading\">Bienvenue chez <br> AFG Assurances Benin IARDT<\/div><div  class=\"elementor-button elementor-slide-button elementor-size-xs\">Voir plus<\/div><\/div><\/a><\/div>\t\t\t\t<\/div>\n\t\t\t\t\t\t\t<\/div>\n\t\t\t\t<\/div>\n\t\t\t\t\t\t\t\t<\/div>\n\t\t\t\t<\/div>\n\t\t\t\t\t<\/div>\n\t\t<\/div>\n\t\t\t\t\t<\/div>\n\t\t<\/section>\n\t\t\t\t<section class=\"elementor-section elementor-top-section elementor-element elementor-element-65b0646 elementor-section-boxed elementor-section-height-default elementor-section-height-default\" data-id=\"65b0646\" data-element_type=\"section\" data-e-type=\"section\" data-settings=\"{&quot;background_background&quot;:&quot;classic&quot;}\">\n\t\t\t\t\t\t<div class=\"elementor-container elementor-column-gap-no\">\n\t\t\t\t\t<div class=\"elementor-column elementor-col-50 elementor-top-column elementor-element elementor-element-77fb456\" data-id=\"77fb456\" data-element_type=\"column\" data-e-type=\"column\">\n\t\t\t<div class=\"elementor-widget-wrap elementor-element-populated\">\n\t\t\t\t\t\t<div class=\"elementor-element elementor-element-13a3f60 elementor-widget elementor-widget-image\" data-id=\"13a3f60\" data-element_type=\"widget\" data-e-type=\"widget\" data-widget_type=\"image.default\">\n\t\t\t\t<div class=\"elementor-widget-container\">\n\t\t\t\t\t\t\t\t\t\t\t\t\t\t\t\t<a href=\"https:\/\/afgassurancesmadagascar.com\/particuliers\/\">\n\t\t\t\t\t\t\t<img fetchpriority=\"high\" decoding=\"async\" width=\"1000\" height=\"667\" src=\"https:\/\/afgassurances.bj\/iardt\/wp-content\/uploads\/2024\/10\/Presentation-1000x667.jpg\" class=\"attachment-large size-large wp-image-31902\" alt=\"\" srcset=\"https:\/\/afgassurances.bj\/iardt\/wp-content\/uploads\/2024\/10\/Presentation-1000x667.jpg 1000w, https:\/\/afgassurances.bj\/iardt\/wp-content\/uploads\/2024\/10\/Presentation-700x467.jpg 700w, https:\/\/afgassurances.bj\/iardt\/wp-content\/uploads\/2024\/10\/Presentation-232x155.jpg 232w, https:\/\/afgassurances.bj\/iardt\/wp-content\/uploads\/2024\/10\/Presentation-768x512.jpg 768w, https:\/\/afgassurances.bj\/iardt\/wp-content\/uploads\/2024\/10\/Presentation-1536x1024.jpg 1536w, https:\/\/afgassurances.bj\/iardt\/wp-content\/uploads\/2024\/10\/Presentation-2048x1366.jpg 2048w\" sizes=\"(max-width: 1000px) 100vw, 1000px\" \/>\t\t\t\t\t\t\t\t<\/a>\n\t\t\t\t\t\t\t\t\t\t\t\t\t\t\t<\/div>\n\t\t\t\t<\/div>\n\t\t\t\t\t<\/div>\n\t\t<\/div>\n\t\t\t\t<div class=\"elementor-column elementor-col-50 elementor-top-column elementor-element elementor-element-9a4ace2\" data-id=\"9a4ace2\" data-element_type=\"column\" data-e-type=\"column\">\n\t\t\t<div class=\"elementor-widget-wrap elementor-element-populated\">\n\t\t\t\t\t\t<div class=\"elementor-element elementor-element-492c369 elementor-widget elementor-widget-heading\" data-id=\"492c369\" data-element_type=\"widget\" data-e-type=\"widget\" data-widget_type=\"heading.default\">\n\t\t\t\t<div class=\"elementor-widget-container\">\n\t\t\t\t\t<h2 class=\"elementor-heading-title elementor-size-default\">Qui sommes nous ?<\/h2>\t\t\t\t<\/div>\n\t\t\t\t<\/div>\n\t\t\t\t<div class=\"elementor-element elementor-element-83f456a elementor-widget-tablet__width-initial elementor-widget elementor-widget-text-editor\" data-id=\"83f456a\" data-element_type=\"widget\" data-e-type=\"widget\" data-widget_type=\"text-editor.default\">\n\t\t\t\t<div class=\"elementor-widget-container\">\n\t\t\t\t\t\t\t\t\t<p>Agr\u00e9\u00e9e le 23 mars 2017 par le Minist\u00e8re des Finances et de l\u2019\u00c9conomie, AFG Assurances B\u00e9nin IARDT a officiellement d\u00e9marr\u00e9 ses activit\u00e9s le 8 septembre 2017 sur un march\u00e9 b\u00e9ninois des assurances IARD tr\u00e8s concurrentiel. AFG Assurances B\u00e9nin IARDT se classe aujourd&#8217;hui parmi les trois meilleures compagnies d&#8217;assurances IARD du B\u00e9nin.<\/p>\t\t\t\t\t\t\t\t<\/div>\n\t\t\t\t<\/div>\n\t\t\t\t<div class=\"elementor-element elementor-element-85768a8 elementor-tablet-align-left elementor-mobile-align-center elementor-widget elementor-widget-button\" data-id=\"85768a8\" data-element_type=\"widget\" data-e-type=\"widget\" data-widget_type=\"button.default\">\n\t\t\t\t<div class=\"elementor-widget-container\">\n\t\t\t\t\t\t\t\t\t<div class=\"elementor-button-wrapper\">\n\t\t\t\t\t<a class=\"elementor-button elementor-button-link elementor-size-sm\" href=\"https:\/\/\/afgassurances.bj\/iardt\/presentation-compagnie\/\">\n\t\t\t\t\t\t<span class=\"elementor-button-content-wrapper\">\n\t\t\t\t\t\t\t\t\t<span class=\"elementor-button-text\">EN SAVOIR PLUS<\/span>\n\t\t\t\t\t<\/span>\n\t\t\t\t\t<\/a>\n\t\t\t\t<\/div>\n\t\t\t\t\t\t\t\t<\/div>\n\t\t\t\t<\/div>\n\t\t\t\t\t<\/div>\n\t\t<\/div>\n\t\t\t\t\t<\/div>\n\t\t<\/section>\n\t\t\t\t<section class=\"elementor-section elementor-top-section elementor-element elementor-element-6fafe98 elementor-section-full_width elementor-section-stretched elementor-section-height-default elementor-section-height-default\" data-id=\"6fafe98\" data-element_type=\"section\" data-e-type=\"section\" data-settings=\"{&quot;stretch_section&quot;:&quot;section-stretched&quot;}\">\n\t\t\t\t\t\t<div class=\"elementor-container elementor-column-gap-no\">\n\t\t\t\t\t<div class=\"elementor-column elementor-col-50 elementor-top-column elementor-element elementor-element-d7c5b7c\" data-id=\"d7c5b7c\" data-element_type=\"column\" data-e-type=\"column\">\n\t\t\t<div class=\"elementor-widget-wrap elementor-element-populated\">\n\t\t\t\t\t\t<div class=\"elementor-element elementor-element-1532d7d elementor-widget elementor-widget-heading\" data-id=\"1532d7d\" data-element_type=\"widget\" data-e-type=\"widget\" data-widget_type=\"heading.default\">\n\t\t\t\t<div class=\"elementor-widget-container\">\n\t\t\t\t\t<h2 class=\"elementor-heading-title elementor-size-default\">Particuliers<\/h2>\t\t\t\t<\/div>\n\t\t\t\t<\/div>\n\t\t\t\t<div class=\"elementor-element elementor-element-d435b01 elementor-widget-mobile__width-initial elementor-widget elementor-widget-text-editor\" data-id=\"d435b01\" data-element_type=\"widget\" data-e-type=\"widget\" data-widget_type=\"text-editor.default\">\n\t\t\t\t<div class=\"elementor-widget-container\">\n\t\t\t\t\t\t\t\t\t<p>Peu importe vos besoins, AFG Assurances B\u00e9nin IARDT est \u00e0 vos c\u00f4t\u00e9s au quotidien :<\/p><ul><li>Protection de vos biens<\/li><li>S\u00e9curisation de vos proches et de vous-m\u00eame<\/li><li>Solutions d&#8217;\u00e9pargne et de retraite<\/li><\/ul>\t\t\t\t\t\t\t\t<\/div>\n\t\t\t\t<\/div>\n\t\t\t\t<div class=\"elementor-element elementor-element-25e6d0b elementor-mobile-align-center elementor-widget elementor-widget-button\" data-id=\"25e6d0b\" data-element_type=\"widget\" data-e-type=\"widget\" data-widget_type=\"button.default\">\n\t\t\t\t<div class=\"elementor-widget-container\">\n\t\t\t\t\t\t\t\t\t<div class=\"elementor-button-wrapper\">\n\t\t\t\t\t<a class=\"elementor-button elementor-button-link elementor-size-sm\" href=\"https:\/\/\/afgassurances.bj\/iardt\/category\/produits-et-services\/particuliers\/\">\n\t\t\t\t\t\t<span class=\"elementor-button-content-wrapper\">\n\t\t\t\t\t\t\t\t\t<span class=\"elementor-button-text\">EN SAVOIR PLUS<\/span>\n\t\t\t\t\t<\/span>\n\t\t\t\t\t<\/a>\n\t\t\t\t<\/div>\n\t\t\t\t\t\t\t\t<\/div>\n\t\t\t\t<\/div>\n\t\t\t\t\t<\/div>\n\t\t<\/div>\n\t\t\t\t<div class=\"elementor-column elementor-col-50 elementor-top-column elementor-element elementor-element-c9bae04\" data-id=\"c9bae04\" data-element_type=\"column\" data-e-type=\"column\">\n\t\t\t<div class=\"elementor-widget-wrap elementor-element-populated\">\n\t\t\t\t\t\t<div class=\"elementor-element elementor-element-dc97dac elementor-widget elementor-widget-image\" data-id=\"dc97dac\" data-element_type=\"widget\" data-e-type=\"widget\" data-widget_type=\"image.default\">\n\t\t\t\t<div class=\"elementor-widget-container\">\n\t\t\t\t\t\t\t\t\t\t\t\t\t\t\t\t<a href=\"https:\/\/afgassurancesmadagascar.com\/particuliers\/\">\n\t\t\t\t\t\t\t<img decoding=\"async\" width=\"1000\" height=\"667\" src=\"https:\/\/afgassurances.bj\/iardt\/wp-content\/uploads\/2024\/10\/Particuliers-1000x667.jpg\" class=\"attachment-large size-large wp-image-31904\" alt=\"\" srcset=\"https:\/\/afgassurances.bj\/iardt\/wp-content\/uploads\/2024\/10\/Particuliers-1000x667.jpg 1000w, https:\/\/afgassurances.bj\/iardt\/wp-content\/uploads\/2024\/10\/Particuliers-700x467.jpg 700w, https:\/\/afgassurances.bj\/iardt\/wp-content\/uploads\/2024\/10\/Particuliers-232x155.jpg 232w, https:\/\/afgassurances.bj\/iardt\/wp-content\/uploads\/2024\/10\/Particuliers-768x512.jpg 768w, https:\/\/afgassurances.bj\/iardt\/wp-content\/uploads\/2024\/10\/Particuliers-1536x1024.jpg 1536w, https:\/\/afgassurances.bj\/iardt\/wp-content\/uploads\/2024\/10\/Particuliers-2048x1366.jpg 2048w\" sizes=\"(max-width: 1000px) 100vw, 1000px\" \/>\t\t\t\t\t\t\t\t<\/a>\n\t\t\t\t\t\t\t\t\t\t\t\t\t\t\t<\/div>\n\t\t\t\t<\/div>\n\t\t\t\t\t<\/div>\n\t\t<\/div>\n\t\t\t\t\t<\/div>\n\t\t<\/section>\n\t\t\t\t<section class=\"elementor-section elementor-top-section elementor-element elementor-element-495a805 elementor-section-full_width elementor-section-height-default elementor-section-height-default\" data-id=\"495a805\" data-element_type=\"section\" data-e-type=\"section\" data-settings=\"{&quot;background_background&quot;:&quot;classic&quot;}\">\n\t\t\t\t\t\t<div class=\"elementor-container elementor-column-gap-no\">\n\t\t\t\t\t<div class=\"elementor-column elementor-col-50 elementor-top-column elementor-element elementor-element-d30a3fd\" data-id=\"d30a3fd\" data-element_type=\"column\" data-e-type=\"column\">\n\t\t\t<div class=\"elementor-widget-wrap elementor-element-populated\">\n\t\t\t\t\t\t<div class=\"elementor-element elementor-element-2c570e4 elementor-widget elementor-widget-image\" data-id=\"2c570e4\" data-element_type=\"widget\" data-e-type=\"widget\" data-widget_type=\"image.default\">\n\t\t\t\t<div class=\"elementor-widget-container\">\n\t\t\t\t\t\t\t\t\t\t\t\t\t\t\t\t<a href=\"https:\/\/afgassurancesmadagascar.com\/professionnels-enterprises\/\">\n\t\t\t\t\t\t\t<img decoding=\"async\" width=\"1000\" height=\"667\" src=\"https:\/\/afgassurances.bj\/iardt\/wp-content\/uploads\/2024\/10\/entreprises-1000x667.jpg\" class=\"attachment-large size-large wp-image-31905\" alt=\"\" srcset=\"https:\/\/afgassurances.bj\/iardt\/wp-content\/uploads\/2024\/10\/entreprises-1000x667.jpg 1000w, https:\/\/afgassurances.bj\/iardt\/wp-content\/uploads\/2024\/10\/entreprises-700x467.jpg 700w, https:\/\/afgassurances.bj\/iardt\/wp-content\/uploads\/2024\/10\/entreprises-232x155.jpg 232w, https:\/\/afgassurances.bj\/iardt\/wp-content\/uploads\/2024\/10\/entreprises-768x512.jpg 768w, https:\/\/afgassurances.bj\/iardt\/wp-content\/uploads\/2024\/10\/entreprises-1536x1024.jpg 1536w, https:\/\/afgassurances.bj\/iardt\/wp-content\/uploads\/2024\/10\/entreprises-2048x1366.jpg 2048w\" sizes=\"(max-width: 1000px) 100vw, 1000px\" \/>\t\t\t\t\t\t\t\t<\/a>\n\t\t\t\t\t\t\t\t\t\t\t\t\t\t\t<\/div>\n\t\t\t\t<\/div>\n\t\t\t\t\t<\/div>\n\t\t<\/div>\n\t\t\t\t<div class=\"elementor-column elementor-col-50 elementor-top-column elementor-element elementor-element-1f622d2\" data-id=\"1f622d2\" data-element_type=\"column\" data-e-type=\"column\">\n\t\t\t<div class=\"elementor-widget-wrap elementor-element-populated\">\n\t\t\t\t\t\t<div class=\"elementor-element elementor-element-d0e5ec9 elementor-widget elementor-widget-heading\" data-id=\"d0e5ec9\" data-element_type=\"widget\" data-e-type=\"widget\" data-widget_type=\"heading.default\">\n\t\t\t\t<div class=\"elementor-widget-container\">\n\t\t\t\t\t<h2 class=\"elementor-heading-title elementor-size-default\">Professionnels &amp; Entreprises<\/h2>\t\t\t\t<\/div>\n\t\t\t\t<\/div>\n\t\t\t\t<div class=\"elementor-element elementor-element-b550876 elementor-widget elementor-widget-text-editor\" data-id=\"b550876\" data-element_type=\"widget\" data-e-type=\"widget\" data-widget_type=\"text-editor.default\">\n\t\t\t\t<div class=\"elementor-widget-container\">\n\t\t\t\t\t\t\t\t\t<p>Pour les grandes entreprises et les institutions, tels que les organisations gouvernementales, les ONG et les universit\u00e9s, nous offrons &#8230;<\/p>\t\t\t\t\t\t\t\t<\/div>\n\t\t\t\t<\/div>\n\t\t\t\t<div class=\"elementor-element elementor-element-53a2e80 elementor-mobile-align-center elementor-widget elementor-widget-button\" data-id=\"53a2e80\" data-element_type=\"widget\" data-e-type=\"widget\" data-widget_type=\"button.default\">\n\t\t\t\t<div class=\"elementor-widget-container\">\n\t\t\t\t\t\t\t\t\t<div class=\"elementor-button-wrapper\">\n\t\t\t\t\t<a class=\"elementor-button elementor-button-link elementor-size-sm\" href=\"https:\/\/\/afgassurances.bj\/iardt\/corporate-institutionnels\/\">\n\t\t\t\t\t\t<span class=\"elementor-button-content-wrapper\">\n\t\t\t\t\t\t\t\t\t<span class=\"elementor-button-text\">EN SAVOIR PLUS<\/span>\n\t\t\t\t\t<\/span>\n\t\t\t\t\t<\/a>\n\t\t\t\t<\/div>\n\t\t\t\t\t\t\t\t<\/div>\n\t\t\t\t<\/div>\n\t\t\t\t\t<\/div>\n\t\t<\/div>\n\t\t\t\t\t<\/div>\n\t\t<\/section>\n\t\t\t\t<section class=\"elementor-section elementor-top-section elementor-element elementor-element-bb43c55 elementor-section-boxed elementor-section-height-default elementor-section-height-default\" data-id=\"bb43c55\" data-element_type=\"section\" data-e-type=\"section\" data-settings=\"{&quot;background_background&quot;:&quot;classic&quot;}\">\n\t\t\t\t\t\t<div class=\"elementor-container elementor-column-gap-default\">\n\t\t\t\t\t<div class=\"elementor-column elementor-col-50 elementor-top-column elementor-element elementor-element-5a634e1\" data-id=\"5a634e1\" data-element_type=\"column\" data-e-type=\"column\">\n\t\t\t<div class=\"elementor-widget-wrap elementor-element-populated\">\n\t\t\t\t\t\t<div class=\"elementor-element elementor-element-98e991d elementor-widget elementor-widget-heading\" data-id=\"98e991d\" data-element_type=\"widget\" data-e-type=\"widget\" data-widget_type=\"heading.default\">\n\t\t\t\t<div class=\"elementor-widget-container\">\n\t\t\t\t\t<h2 class=\"elementor-heading-title elementor-size-default\">OREMI, votre assurance \n100 % digitale<\/h2>\t\t\t\t<\/div>\n\t\t\t\t<\/div>\n\t\t\t\t<div class=\"elementor-element elementor-element-65dbe1d elementor-widget elementor-widget-heading\" data-id=\"65dbe1d\" data-element_type=\"widget\" data-e-type=\"widget\" data-widget_type=\"heading.default\">\n\t\t\t\t<div class=\"elementor-widget-container\">\n\t\t\t\t\t<h2 class=\"elementor-heading-title elementor-size-default\">Oremi vous permet de souscrire \u00e0 diff\u00e9rentes assurances sans vous d\u00e9placer !<\/h2>\t\t\t\t<\/div>\n\t\t\t\t<\/div>\n\t\t\t\t<div class=\"elementor-element elementor-element-c0c2e24 elementor-align-left elementor-widget elementor-widget-button\" data-id=\"c0c2e24\" data-element_type=\"widget\" data-e-type=\"widget\" data-widget_type=\"button.default\">\n\t\t\t\t<div class=\"elementor-widget-container\">\n\t\t\t\t\t\t\t\t\t<div class=\"elementor-button-wrapper\">\n\t\t\t\t\t<a class=\"elementor-button elementor-button-link elementor-size-sm\" href=\"https:\/\/oremi.afgassurances.bj\/\">\n\t\t\t\t\t\t<span class=\"elementor-button-content-wrapper\">\n\t\t\t\t\t\t<span class=\"elementor-button-icon\">\n\t\t\t\t<i aria-hidden=\"true\" class=\"fas fa-external-link-alt\"><\/i>\t\t\t<\/span>\n\t\t\t\t\t\t\t\t\t<span class=\"elementor-button-text\">Souscrivez d\u00e8s maintenant<\/span>\n\t\t\t\t\t<\/span>\n\t\t\t\t\t<\/a>\n\t\t\t\t<\/div>\n\t\t\t\t\t\t\t\t<\/div>\n\t\t\t\t<\/div>\n\t\t\t\t\t<\/div>\n\t\t<\/div>\n\t\t\t\t<div class=\"elementor-column elementor-col-50 elementor-top-column elementor-element elementor-element-6fabb00\" data-id=\"6fabb00\" data-element_type=\"column\" data-e-type=\"column\">\n\t\t\t<div class=\"elementor-widget-wrap elementor-element-populated\">\n\t\t\t\t\t\t<div class=\"elementor-element elementor-element-f2e9ca1 elementor-widget elementor-widget-image\" data-id=\"f2e9ca1\" data-element_type=\"widget\" data-e-type=\"widget\" data-widget_type=\"image.default\">\n\t\t\t\t<div class=\"elementor-widget-container\">\n\t\t\t\t\t\t\t\t\t\t\t\t\t\t\t<img loading=\"lazy\" decoding=\"async\" width=\"719\" height=\"667\" src=\"https:\/\/afgassurances.bj\/iardt\/wp-content\/uploads\/2026\/01\/img_iphone-UpnBnKSa-719x667.png\" class=\"attachment-large size-large wp-image-32185\" alt=\"\" srcset=\"https:\/\/afgassurances.bj\/iardt\/wp-content\/uploads\/2026\/01\/img_iphone-UpnBnKSa-719x667.png 719w, https:\/\/afgassurances.bj\/iardt\/wp-content\/uploads\/2026\/01\/img_iphone-UpnBnKSa-504x467.png 504w, https:\/\/afgassurances.bj\/iardt\/wp-content\/uploads\/2026\/01\/img_iphone-UpnBnKSa-768x712.png 768w, https:\/\/afgassurances.bj\/iardt\/wp-content\/uploads\/2026\/01\/img_iphone-UpnBnKSa-1536x1424.png 1536w, https:\/\/afgassurances.bj\/iardt\/wp-content\/uploads\/2026\/01\/img_iphone-UpnBnKSa-2048x1899.png 2048w\" sizes=\"(max-width: 719px) 100vw, 719px\" \/>\t\t\t\t\t\t\t\t\t\t\t\t\t\t\t<\/div>\n\t\t\t\t<\/div>\n\t\t\t\t\t<\/div>\n\t\t<\/div>\n\t\t\t\t\t<\/div>\n\t\t<\/section>\n\t\t\t\t<section class=\"elementor-section elementor-top-section elementor-element elementor-element-1d04586 elementor-section-boxed elementor-section-height-default elementor-section-height-default\" data-id=\"1d04586\" data-element_type=\"section\" data-e-type=\"section\">\n\t\t\t\t\t\t<div class=\"elementor-container elementor-column-gap-default\">\n\t\t\t\t\t<div class=\"elementor-column elementor-col-100 elementor-top-column elementor-element elementor-element-c9fdd32\" data-id=\"c9fdd32\" data-element_type=\"column\" data-e-type=\"column\">\n\t\t\t<div class=\"elementor-widget-wrap elementor-element-populated\">\n\t\t\t\t\t\t<div class=\"elementor-element elementor-element-1c64df3 elementor-widget elementor-widget-spacer\" data-id=\"1c64df3\" data-element_type=\"widget\" data-e-type=\"widget\" data-widget_type=\"spacer.default\">\n\t\t\t\t<div class=\"elementor-widget-container\">\n\t\t\t\t\t\t\t<div class=\"elementor-spacer\">\n\t\t\t<div class=\"elementor-spacer-inner\"><\/div>\n\t\t<\/div>\n\t\t\t\t\t\t<\/div>\n\t\t\t\t<\/div>\n\t\t\t\t\t<\/div>\n\t\t<\/div>\n\t\t\t\t\t<\/div>\n\t\t<\/section>\n\t\t\t\t<\/div>\n\t\t","protected":false},"excerpt":{"rendered":"<p>Bienvenue chez AFG Assurances Benin IARDTVoir plus Qui sommes nous ? Agr\u00e9\u00e9e le 23 mars 2017 par le Minist\u00e8re des Finances et de l\u2019\u00c9conomie, AFG Assurances B\u00e9nin IARDT a officiellement d\u00e9marr\u00e9 ses activit\u00e9s le 8 septembre 2017 sur un march\u00e9 b\u00e9ninois des assurances IARD tr\u00e8s concurrentiel. AFG Assurances B\u00e9nin IARDT se classe aujourd&#8217;hui parmi les [&hellip;]<\/p>\n","protected":false},"author":7,"featured_media":0,"parent":0,"menu_order":0,"comment_status":"closed","ping_status":"closed","template":"elementor_header_footer","meta":{"_acf_changed":false,"footnotes":""},"class_list":["post-31304","page","type-page","status-publish","hentry"],"acf":[],"_links":{"self":[{"href":"https:\/\/afgassurances.bj\/iardt\/en\/wp-json\/wp\/v2\/pages\/31304","targetHints":{"allow":["GET"]}}],"collection":[{"href":"https:\/\/afgassurances.bj\/iardt\/en\/wp-json\/wp\/v2\/pages"}],"about":[{"href":"https:\/\/afgassurances.bj\/iardt\/en\/wp-json\/wp\/v2\/types\/page"}],"author":[{"embeddable":true,"href":"https:\/\/afgassurances.bj\/iardt\/en\/wp-json\/wp\/v2\/users\/7"}],"replies":[{"embeddable":true,"href":"https:\/\/afgassurances.bj\/iardt\/en\/wp-json\/wp\/v2\/comments?post=31304"}],"version-history":[{"count":93,"href":"https:\/\/afgassurances.bj\/iardt\/en\/wp-json\/wp\/v2\/pages\/31304\/revisions"}],"predecessor-version":[{"id":32188,"href":"https:\/\/afgassurances.bj\/iardt\/en\/wp-json\/wp\/v2\/pages\/31304\/revisions\/32188"}],"wp:attachment":[{"href":"https:\/\/afgassurances.bj\/iardt\/en\/wp-json\/wp\/v2\/media?parent=31304"}],"curies":[{"name":"wp","href":"https:\/\/api.w.org\/{rel}","templated":true}]}}